{"id":477,"date":"2008-01-07T11:47:41","date_gmt":"2008-01-07T10:47:41","guid":{"rendered":"http:\/\/www.bmnuebel.de\/Strickimpessionen\/?page_id=477"},"modified":"2018-05-23T11:35:14","modified_gmt":"2018-05-23T09:35:14","slug":"sockenstatistik-08","status":"publish","type":"page","link":"http:\/\/www.Luzipher.de\/?page_id=477","title":{"rendered":"Sockenstatistik 08"},"content":{"rendered":"<table width=\"150\" style=\"height: 310px\">\n<tr>\n<td>Gr\u00f6\u00dfe<\/td>\n<td>Anzahl<\/td>\n<\/tr>\n<tr>\n<td>Erstlingss\u00f6ckchen<\/td>\n<td>38<\/td>\n<\/tr>\n<tr>\n<td>18\/19<\/td>\n<td>&nbsp;<\/td>\n<\/tr>\n<tr>\n<td>20\/21<\/td>\n<td>&nbsp;<\/td>\n<\/tr>\n<tr>\n<td>22\/23<\/td>\n<td>&nbsp;<\/td>\n<\/tr>\n<tr>\n<td>24\/25<\/td>\n<td>&nbsp;<\/td>\n<\/tr>\n<tr>\n<td>26\/27<\/td>\n<td>&nbsp;<\/td>\n<\/tr>\n<tr>\n<td>28\/29<\/td>\n<td>&nbsp;<\/td>\n<\/tr>\n<tr>\n<td>30\/31<\/td>\n<td>1<\/td>\n<\/tr>\n<tr>\n<td>32\/33<\/td>\n<td>&nbsp;<\/td>\n<\/tr>\n<tr>\n<td>34\/35<\/td>\n<td>2<\/td>\n<\/tr>\n<tr>\n<td>36\/37<\/td>\n<td>5<\/td>\n<\/tr>\n<tr>\n<td>38\/39<\/td>\n<td>7<\/td>\n<\/tr>\n<tr>\n<td>40\/41<\/td>\n<td>20<\/td>\n<\/tr>\n<tr>\n<td>42\/43<\/td>\n<td>5<\/td>\n<\/tr>\n<tr>\n<td>44\/45<\/td>\n<td>2<\/td>\n<\/tr>\n<tr>\n<td>46\/47<\/td>\n<td>2<\/td>\n<\/tr>\n<\/table>\n","protected":false},"excerpt":{"rendered":"<p>Gr\u00f6\u00dfe Anzahl Erstlingss\u00f6ckchen 38 18\/19 &nbsp; 20\/21 &nbsp; 22\/23 &nbsp; 24\/25 &nbsp; 26\/27 &nbsp; 28\/29 &nbsp; 30\/31 1 32\/33 &nbsp; 34\/35 2 36\/37 5 38\/39 7 40\/41 20 42\/43 5 44\/45 2 46\/47 2<\/p>\n","protected":false},"author":3,"featured_media":0,"parent":0,"menu_order":0,"comment_status":"closed","ping_status":"closed","template":"","meta":{"footnotes":""},"_links":{"self":[{"href":"http:\/\/www.Luzipher.de\/index.php?rest_route=\/wp\/v2\/pages\/477"}],"collection":[{"href":"http:\/\/www.Luzipher.de\/index.php?rest_route=\/wp\/v2\/pages"}],"about":[{"href":"http:\/\/www.Luzipher.de\/index.php?rest_route=\/wp\/v2\/types\/page"}],"author":[{"embeddable":true,"href":"http:\/\/www.Luzipher.de\/index.php?rest_route=\/wp\/v2\/users\/3"}],"replies":[{"embeddable":true,"href":"http:\/\/www.Luzipher.de\/index.php?rest_route=%2Fwp%2Fv2%2Fcomments&post=477"}],"version-history":[{"count":1,"href":"http:\/\/www.Luzipher.de\/index.php?rest_route=\/wp\/v2\/pages\/477\/revisions"}],"predecessor-version":[{"id":4413,"href":"http:\/\/www.Luzipher.de\/index.php?rest_route=\/wp\/v2\/pages\/477\/revisions\/4413"}],"wp:attachment":[{"href":"http:\/\/www.Luzipher.de\/index.php?rest_route=%2Fwp%2Fv2%2Fmedia&parent=477"}],"curies":[{"name":"wp","href":"https:\/\/api.w.org\/{rel}","templated":true}]}}