{"id":4427,"date":"2018-05-23T20:58:03","date_gmt":"2018-05-23T18:58:03","guid":{"rendered":"http:\/\/www.Luzipher.de\/?page_id=4427"},"modified":"2018-05-23T20:58:18","modified_gmt":"2018-05-23T18:58:18","slug":"4427-2","status":"publish","type":"page","link":"http:\/\/www.Luzipher.de\/?page_id=4427","title":{"rendered":"Impressum"},"content":{"rendered":"<p>Impressum<\/p>\n<p>Angaben gem\u00e4\u00df \u00a7 5 TMG<\/p>\n<p>Barbara N\u00fcbel<br \/>\nNeckarstra\u00dfe 6<br \/>\n74865 Neckarzimmern<\/p>\n<p>Kontakt:<br \/>\nE-Mail: Barbara@bmnuebel.de<\/p>\n<p>Verantwortlich f\u00fcr den Inhalt nach \u00a7 55 Abs. 2 RStV:<br \/>\nBarbara N\u00fcbel<br \/>\nNeckarstra\u00dfe 6<br \/>\n74865 Neckarzimmern<\/p>\n<p>Haftungsausschluss:<\/p>\n<p>Haftung f\u00fcr Links<\/p>\n<p>Unser Angebot enth\u00e4lt Links zu externen Webseiten Dritter, auf deren Inhalte wir keinen Einfluss haben. Deshalb k\u00f6nnen wir f\u00fcr diese fremden Inhalte auch keine Gew\u00e4hr \u00fcbernehmen. F\u00fcr die Inhalte der verlinkten Seiten ist stets der jeweilige Anbieter oder Betreiber der Seiten verantwortlich. Die verlinkten Seiten wurden zum Zeitpunkt der Verlinkung auf m\u00f6gliche Rechtsverst\u00f6\u00dfe \u00fcberpr\u00fcft. Rechtswidrige Inhalte waren zum Zeitpunkt der Verlinkung nicht erkennbar. Eine permanente inhaltliche Kontrolle der verlinkten Seiten ist jedoch ohne konkrete Anhaltspunkte einer Rechtsverletzung nicht zumutbar. Bei Bekanntwerden von Rechtsverletzungen werden wir derartige Links umgehend entfernen.<\/p>\n<p>Urheberrecht<\/p>\n<p>Die durch die Seitenbetreiber erstellten Inhalte und Werke auf diesen Seiten unterliegen dem deutschen Urheberrecht. Die Vervielf\u00e4ltigung, Bearbeitung, Verbreitung und jede Art der Verwertung au\u00dferhalb der Grenzen des Urheberrechtes bed\u00fcrfen der schriftlichen Zustimmung des jeweiligen Autors bzw. Erstellers. Downloads und Kopien dieser Seite sind nur f\u00fcr den privaten, nicht kommerziellen Gebrauch gestattet. Soweit die Inhalte auf dieser Seite nicht vom Betreiber erstellt wurden, werden die Urheberrechte Dritter beachtet. Insbesondere werden Inhalte Dritter als solche gekennzeichnet. Sollten Sie trotzdem auf eine Urheberrechtsverletzung aufmerksam werden, bitten wir um einen entsprechenden Hinweis. Bei Bekanntwerden von Rechtsverletzungen werden wir derartige Inhalte umgehend entfernen.<\/p>\n<p>Datenschutz<\/p>\n<p>Der Nutzung von im Rahmen der Impressumspflicht ver\u00f6ffentlichten Kontaktdaten durch Dritte zur \u00dcbersendung von nicht ausdr\u00fccklich angeforderter Werbung und Informationsmaterialien wird hiermit ausdr\u00fccklich widersprochen. Die Betreiber der Seiten behalten sich ausdr\u00fccklich rechtliche Schritte im Falle der unverlangten Zusendung von Werbeinformationen, etwa durch Spam-Mails, vor.<\/p>\n<p>Impressum vom impressum-generator.de der Rechtsanw\u00e4ltin Franziska Hasselbach, Bonn<\/p>\n","protected":false},"excerpt":{"rendered":"<p>Impressum Angaben gem\u00e4\u00df \u00a7 5 TMG Barbara N\u00fcbel Neckarstra\u00dfe 6 74865 Neckarzimmern Kontakt: E-Mail: Barbara@bmnuebel.de Verantwortlich f\u00fcr den Inhalt nach \u00a7 55 Abs. 2 RStV: Barbara N\u00fcbel Neckarstra\u00dfe 6 74865 Neckarzimmern Haftungsausschluss: Haftung f\u00fcr Links Unser Angebot enth\u00e4lt Links zu &hellip; <a href=\"http:\/\/www.Luzipher.de\/?page_id=4427\">Continue reading <span class=\"meta-nav\">&rarr;<\/span><\/a><\/p>\n","protected":false},"author":2,"featured_media":0,"parent":0,"menu_order":0,"comment_status":"closed","ping_status":"closed","template":"","meta":{"footnotes":""},"_links":{"self":[{"href":"http:\/\/www.Luzipher.de\/index.php?rest_route=\/wp\/v2\/pages\/4427"}],"collection":[{"href":"http:\/\/www.Luzipher.de\/index.php?rest_route=\/wp\/v2\/pages"}],"about":[{"href":"http:\/\/www.Luzipher.de\/index.php?rest_route=\/wp\/v2\/types\/page"}],"author":[{"embeddable":true,"href":"http:\/\/www.Luzipher.de\/index.php?rest_route=\/wp\/v2\/users\/2"}],"replies":[{"embeddable":true,"href":"http:\/\/www.Luzipher.de\/index.php?rest_route=%2Fwp%2Fv2%2Fcomments&post=4427"}],"version-history":[{"count":2,"href":"http:\/\/www.Luzipher.de\/index.php?rest_route=\/wp\/v2\/pages\/4427\/revisions"}],"predecessor-version":[{"id":4429,"href":"http:\/\/www.Luzipher.de\/index.php?rest_route=\/wp\/v2\/pages\/4427\/revisions\/4429"}],"wp:attachment":[{"href":"http:\/\/www.Luzipher.de\/index.php?rest_route=%2Fwp%2Fv2%2Fmedia&parent=4427"}],"curies":[{"name":"wp","href":"https:\/\/api.w.org\/{rel}","templated":true}]}}