{"id":3059,"date":"2012-01-04T11:35:50","date_gmt":"2012-01-04T09:35:50","guid":{"rendered":"http:\/\/www.Luzipher.de\/?page_id=3059"},"modified":"2018-05-23T11:35:14","modified_gmt":"2018-05-23T09:35:14","slug":"sockenstatistik-12","status":"publish","type":"page","link":"http:\/\/www.Luzipher.de\/?page_id=3059","title":{"rendered":"Sockenstatistik 12"},"content":{"rendered":"<table width=\"150\" style=\"height: 310px\">\n<tr>\n<td>Gr\u00f6\u00dfe<\/td>\n<td>Anzahl<\/td>\n<\/tr>\n<tr>\n<td>Erstlingss\u00f6ckchen<\/td>\n<td>21<\/td>\n<\/tr>\n<tr>\n<td>18\/19<\/td>\n<td><\/td>\n<\/tr>\n<tr>\n<td>20\/21<\/td>\n<td>2<\/td>\n<\/tr>\n<tr>\n<td>22\/23<\/td>\n<td>12<\/td>\n<\/tr>\n<tr>\n<td>24\/25<\/td>\n<td>1<\/td>\n<\/tr>\n<tr>\n<td>26\/27<\/td>\n<td><\/td>\n<\/tr>\n<tr>\n<td>28\/29<\/td>\n<td><\/td>\n<\/tr>\n<tr>\n<td>30\/31<\/td>\n<td>10<\/td>\n<\/tr>\n<tr>\n<td>32\/33<\/td>\n<td><\/td>\n<\/tr>\n<tr>\n<td>34\/35<\/td>\n<td>1<\/td>\n<\/tr>\n<tr>\n<td>36\/37<\/td>\n<td>2<\/td>\n<\/tr>\n<tr>\n<td>38\/39<\/td>\n<td>8<\/td>\n<\/tr>\n<tr>\n<td>40\/41<\/td>\n<td>6<\/td>\n<\/tr>\n<tr>\n<td>42\/43<\/td>\n<td><\/td>\n<\/tr>\n<tr>\n<td>44\/45<\/td>\n<td>1<\/td>\n<\/tr>\n<tr>\n<td>46\/47<\/td>\n<td>2<\/td>\n<\/tr>\n<\/table>\n","protected":false},"excerpt":{"rendered":"<p>Gr\u00f6\u00dfe Anzahl Erstlingss\u00f6ckchen 21 18\/19 20\/21 2 22\/23 12 24\/25 1 26\/27 28\/29 30\/31 10 32\/33 34\/35 1 36\/37 2 38\/39 8 40\/41 6 42\/43 44\/45 1 46\/47 2<\/p>\n","protected":false},"author":3,"featured_media":0,"parent":0,"menu_order":0,"comment_status":"closed","ping_status":"closed","template":"","meta":{"footnotes":""},"_links":{"self":[{"href":"http:\/\/www.Luzipher.de\/index.php?rest_route=\/wp\/v2\/pages\/3059"}],"collection":[{"href":"http:\/\/www.Luzipher.de\/index.php?rest_route=\/wp\/v2\/pages"}],"about":[{"href":"http:\/\/www.Luzipher.de\/index.php?rest_route=\/wp\/v2\/types\/page"}],"author":[{"embeddable":true,"href":"http:\/\/www.Luzipher.de\/index.php?rest_route=\/wp\/v2\/users\/3"}],"replies":[{"embeddable":true,"href":"http:\/\/www.Luzipher.de\/index.php?rest_route=%2Fwp%2Fv2%2Fcomments&post=3059"}],"version-history":[{"count":26,"href":"http:\/\/www.Luzipher.de\/index.php?rest_route=\/wp\/v2\/pages\/3059\/revisions"}],"predecessor-version":[{"id":4414,"href":"http:\/\/www.Luzipher.de\/index.php?rest_route=\/wp\/v2\/pages\/3059\/revisions\/4414"}],"wp:attachment":[{"href":"http:\/\/www.Luzipher.de\/index.php?rest_route=%2Fwp%2Fv2%2Fmedia&parent=3059"}],"curies":[{"name":"wp","href":"https:\/\/api.w.org\/{rel}","templated":true}]}}